{"id":274,"date":"2019-08-23T10:55:31","date_gmt":"2019-08-23T10:55:31","guid":{"rendered":"http:\/\/comp.cua.ufmt.br\/muhna\/?page_id=274"},"modified":"2022-04-18T17:52:54","modified_gmt":"2022-04-18T20:52:54","slug":"formulario-visitacao","status":"publish","type":"page","link":"https:\/\/muhna.cua.ufmt.br\/index.php\/formulario-visitacao\/","title":{"rendered":"Solicita\u00e7\u00e3o de agendamento para visita\u00e7\u00e3o ao MuHNA"},"content":{"rendered":"\t\t<div data-elementor-type=\"wp-post\" data-elementor-id=\"274\" class=\"elementor elementor-274\">\n\t\t\t\t\t\t<section class=\"elementor-section elementor-top-section elementor-element elementor-element-f001d6b elementor-section-boxed elementor-section-height-default elementor-section-height-default\" data-id=\"f001d6b\" data-element_type=\"section\" data-e-type=\"section\" data-settings=\"{&quot;background_background&quot;:&quot;classic&quot;}\">\n\t\t\t\t\t\t<div class=\"elementor-container elementor-column-gap-default\">\n\t\t\t\t\t<div class=\"elementor-column elementor-col-100 elementor-top-column elementor-element elementor-element-58b3e5f\" data-id=\"58b3e5f\" data-element_type=\"column\" data-e-type=\"column\">\n\t\t\t<div class=\"elementor-widget-wrap elementor-element-populated\">\n\t\t\t\t\t\t<div class=\"elementor-element elementor-element-0c49294 elementor-widget elementor-widget-html\" data-id=\"0c49294\" data-element_type=\"widget\" data-e-type=\"widget\" data-widget_type=\"html.default\">\n\t\t\t\t<div class=\"elementor-widget-container\">\n\t\t\t\t\t<div>\t\t\t\t\t<iframe src=\"https:\/\/docs.google.com\/forms\/d\/e\/1FAIpQLSefb9FXu8Ak2d3jnF5-AstlCMDZdy7BsDu-VV_tQZ9SdyQPug\/viewform?embedded=true\" width=\"100%\" height=\"500\" frameborder=\"0\" marginheight=\"0\" marginwidth=\"0\">Carregando\u2026<\/iframe>\r\n<\/div>\t\t\t\t<\/div>\n\t\t\t\t<\/div>\n\t\t\t\t\t<\/div>\n\t\t<\/div>\n\t\t\t\t\t<\/div>\n\t\t<\/section>\n\t\t\t\t<\/div>\n\t\t","protected":false},"excerpt":{"rendered":"<p>Carregando\u2026<\/p>\n","protected":false},"author":1,"featured_media":0,"parent":0,"menu_order":0,"comment_status":"closed","ping_status":"closed","template":"","meta":{"_monsterinsights_skip_tracking":false,"_monsterinsights_sitenote_active":false,"_monsterinsights_sitenote_note":"","_monsterinsights_sitenote_category":0,"footnotes":""},"class_list":["post-274","page","type-page","status-publish","hentry"],"yoast_head":"<!-- This site is optimized with the Yoast SEO plugin v25.0 - https:\/\/yoast.com\/wordpress\/plugins\/seo\/ -->\n<title>Solicita\u00e7\u00e3o de agendamento para visita\u00e7\u00e3o ao MuHNA - MuHNA<\/title>\n<meta name=\"robots\" content=\"index, follow, max-snippet:-1, max-image-preview:large, max-video-preview:-1\" \/>\n<link rel=\"canonical\" href=\"https:\/\/muhna.cua.ufmt.br\/index.php\/formulario-visitacao\/\" \/>\n<meta property=\"og:locale\" content=\"pt_BR\" \/>\n<meta property=\"og:type\" content=\"article\" \/>\n<meta property=\"og:title\" content=\"Solicita\u00e7\u00e3o de agendamento para visita\u00e7\u00e3o ao MuHNA - MuHNA\" \/>\n<meta property=\"og:description\" content=\"Carregando\u2026\" \/>\n<meta property=\"og:url\" content=\"https:\/\/muhna.cua.ufmt.br\/index.php\/formulario-visitacao\/\" \/>\n<meta property=\"og:site_name\" content=\"MuHNA\" \/>\n<meta property=\"article:publisher\" content=\"https:\/\/www.facebook.com\/MuHNA.UFMT\/\" \/>\n<meta property=\"article:modified_time\" content=\"2022-04-18T20:52:54+00:00\" \/>\n<meta name=\"twitter:card\" content=\"summary_large_image\" \/>\n<meta name=\"twitter:label1\" content=\"Est. tempo de leitura\" \/>\n\t<meta name=\"twitter:data1\" content=\"1 minuto\" \/>\n<script type=\"application\/ld+json\" class=\"yoast-schema-graph\">{\"@context\":\"https:\/\/schema.org\",\"@graph\":[{\"@type\":\"WebPage\",\"@id\":\"https:\/\/muhna.cua.ufmt.br\/index.php\/formulario-visitacao\/\",\"url\":\"https:\/\/muhna.cua.ufmt.br\/index.php\/formulario-visitacao\/\",\"name\":\"Solicita\u00e7\u00e3o de agendamento para visita\u00e7\u00e3o ao MuHNA - MuHNA\",\"isPartOf\":{\"@id\":\"https:\/\/muhna.cua.ufmt.br\/#website\"},\"datePublished\":\"2019-08-23T10:55:31+00:00\",\"dateModified\":\"2022-04-18T20:52:54+00:00\",\"breadcrumb\":{\"@id\":\"https:\/\/muhna.cua.ufmt.br\/index.php\/formulario-visitacao\/#breadcrumb\"},\"inLanguage\":\"pt-BR\",\"potentialAction\":[{\"@type\":\"ReadAction\",\"target\":[\"https:\/\/muhna.cua.ufmt.br\/index.php\/formulario-visitacao\/\"]}]},{\"@type\":\"BreadcrumbList\",\"@id\":\"https:\/\/muhna.cua.ufmt.br\/index.php\/formulario-visitacao\/#breadcrumb\",\"itemListElement\":[{\"@type\":\"ListItem\",\"position\":1,\"name\":\"In\u00edcio\",\"item\":\"https:\/\/muhna.cua.ufmt.br\/\"},{\"@type\":\"ListItem\",\"position\":2,\"name\":\"Solicita\u00e7\u00e3o de agendamento para visita\u00e7\u00e3o ao MuHNA\"}]},{\"@type\":\"WebSite\",\"@id\":\"https:\/\/muhna.cua.ufmt.br\/#website\",\"url\":\"https:\/\/muhna.cua.ufmt.br\/\",\"name\":\"MuHNA\",\"description\":\"Museu de Hist\u00f3ria Natural do Araguaia\",\"publisher\":{\"@id\":\"https:\/\/muhna.cua.ufmt.br\/#organization\"},\"potentialAction\":[{\"@type\":\"SearchAction\",\"target\":{\"@type\":\"EntryPoint\",\"urlTemplate\":\"https:\/\/muhna.cua.ufmt.br\/?s={search_term_string}\"},\"query-input\":{\"@type\":\"PropertyValueSpecification\",\"valueRequired\":true,\"valueName\":\"search_term_string\"}}],\"inLanguage\":\"pt-BR\"},{\"@type\":\"Organization\",\"@id\":\"https:\/\/muhna.cua.ufmt.br\/#organization\",\"name\":\"Museu de Hist\u00f3ria Natural do Araguaia - MuHNA\",\"url\":\"https:\/\/muhna.cua.ufmt.br\/\",\"logo\":{\"@type\":\"ImageObject\",\"inLanguage\":\"pt-BR\",\"@id\":\"https:\/\/muhna.cua.ufmt.br\/#\/schema\/logo\/image\/\",\"url\":\"http:\/\/muhna.cua.ufmt.br\/wp-content\/uploads\/2019\/08\/logo.png\",\"contentUrl\":\"http:\/\/muhna.cua.ufmt.br\/wp-content\/uploads\/2019\/08\/logo.png\",\"width\":424,\"height\":87,\"caption\":\"Museu de Hist\u00f3ria Natural do Araguaia - MuHNA\"},\"image\":{\"@id\":\"https:\/\/muhna.cua.ufmt.br\/#\/schema\/logo\/image\/\"},\"sameAs\":[\"https:\/\/www.facebook.com\/MuHNA.UFMT\/\",\"https:\/\/www.instagram.com\/muhna.ufmt\/\",\"https:\/\/www.youtube.com\/playlist?list=PLiOtZ8JoUebVQKPG7W7I2272_OZzbYTy_\"]}]}<\/script>\n<!-- \/ Yoast SEO plugin. -->","yoast_head_json":{"title":"Solicita\u00e7\u00e3o de agendamento para visita\u00e7\u00e3o ao MuHNA - MuHNA","robots":{"index":"index","follow":"follow","max-snippet":"max-snippet:-1","max-image-preview":"max-image-preview:large","max-video-preview":"max-video-preview:-1"},"canonical":"https:\/\/muhna.cua.ufmt.br\/index.php\/formulario-visitacao\/","og_locale":"pt_BR","og_type":"article","og_title":"Solicita\u00e7\u00e3o de agendamento para visita\u00e7\u00e3o ao MuHNA - MuHNA","og_description":"Carregando\u2026","og_url":"https:\/\/muhna.cua.ufmt.br\/index.php\/formulario-visitacao\/","og_site_name":"MuHNA","article_publisher":"https:\/\/www.facebook.com\/MuHNA.UFMT\/","article_modified_time":"2022-04-18T20:52:54+00:00","twitter_card":"summary_large_image","twitter_misc":{"Est. tempo de leitura":"1 minuto"},"schema":{"@context":"https:\/\/schema.org","@graph":[{"@type":"WebPage","@id":"https:\/\/muhna.cua.ufmt.br\/index.php\/formulario-visitacao\/","url":"https:\/\/muhna.cua.ufmt.br\/index.php\/formulario-visitacao\/","name":"Solicita\u00e7\u00e3o de agendamento para visita\u00e7\u00e3o ao MuHNA - MuHNA","isPartOf":{"@id":"https:\/\/muhna.cua.ufmt.br\/#website"},"datePublished":"2019-08-23T10:55:31+00:00","dateModified":"2022-04-18T20:52:54+00:00","breadcrumb":{"@id":"https:\/\/muhna.cua.ufmt.br\/index.php\/formulario-visitacao\/#breadcrumb"},"inLanguage":"pt-BR","potentialAction":[{"@type":"ReadAction","target":["https:\/\/muhna.cua.ufmt.br\/index.php\/formulario-visitacao\/"]}]},{"@type":"BreadcrumbList","@id":"https:\/\/muhna.cua.ufmt.br\/index.php\/formulario-visitacao\/#breadcrumb","itemListElement":[{"@type":"ListItem","position":1,"name":"In\u00edcio","item":"https:\/\/muhna.cua.ufmt.br\/"},{"@type":"ListItem","position":2,"name":"Solicita\u00e7\u00e3o de agendamento para visita\u00e7\u00e3o ao MuHNA"}]},{"@type":"WebSite","@id":"https:\/\/muhna.cua.ufmt.br\/#website","url":"https:\/\/muhna.cua.ufmt.br\/","name":"MuHNA","description":"Museu de Hist\u00f3ria Natural do Araguaia","publisher":{"@id":"https:\/\/muhna.cua.ufmt.br\/#organization"},"potentialAction":[{"@type":"SearchAction","target":{"@type":"EntryPoint","urlTemplate":"https:\/\/muhna.cua.ufmt.br\/?s={search_term_string}"},"query-input":{"@type":"PropertyValueSpecification","valueRequired":true,"valueName":"search_term_string"}}],"inLanguage":"pt-BR"},{"@type":"Organization","@id":"https:\/\/muhna.cua.ufmt.br\/#organization","name":"Museu de Hist\u00f3ria Natural do Araguaia - MuHNA","url":"https:\/\/muhna.cua.ufmt.br\/","logo":{"@type":"ImageObject","inLanguage":"pt-BR","@id":"https:\/\/muhna.cua.ufmt.br\/#\/schema\/logo\/image\/","url":"http:\/\/muhna.cua.ufmt.br\/wp-content\/uploads\/2019\/08\/logo.png","contentUrl":"http:\/\/muhna.cua.ufmt.br\/wp-content\/uploads\/2019\/08\/logo.png","width":424,"height":87,"caption":"Museu de Hist\u00f3ria Natural do Araguaia - MuHNA"},"image":{"@id":"https:\/\/muhna.cua.ufmt.br\/#\/schema\/logo\/image\/"},"sameAs":["https:\/\/www.facebook.com\/MuHNA.UFMT\/","https:\/\/www.instagram.com\/muhna.ufmt\/","https:\/\/www.youtube.com\/playlist?list=PLiOtZ8JoUebVQKPG7W7I2272_OZzbYTy_"]}]}},"_links":{"self":[{"href":"https:\/\/muhna.cua.ufmt.br\/index.php\/wp-json\/wp\/v2\/pages\/274","targetHints":{"allow":["GET"]}}],"collection":[{"href":"https:\/\/muhna.cua.ufmt.br\/index.php\/wp-json\/wp\/v2\/pages"}],"about":[{"href":"https:\/\/muhna.cua.ufmt.br\/index.php\/wp-json\/wp\/v2\/types\/page"}],"author":[{"embeddable":true,"href":"https:\/\/muhna.cua.ufmt.br\/index.php\/wp-json\/wp\/v2\/users\/1"}],"replies":[{"embeddable":true,"href":"https:\/\/muhna.cua.ufmt.br\/index.php\/wp-json\/wp\/v2\/comments?post=274"}],"version-history":[{"count":11,"href":"https:\/\/muhna.cua.ufmt.br\/index.php\/wp-json\/wp\/v2\/pages\/274\/revisions"}],"predecessor-version":[{"id":639,"href":"https:\/\/muhna.cua.ufmt.br\/index.php\/wp-json\/wp\/v2\/pages\/274\/revisions\/639"}],"wp:attachment":[{"href":"https:\/\/muhna.cua.ufmt.br\/index.php\/wp-json\/wp\/v2\/media?parent=274"}],"curies":[{"name":"wp","href":"https:\/\/api.w.org\/{rel}","templated":true}]}}