{"id":2,"date":"2019-08-20T09:26:59","date_gmt":"2019-08-20T09:26:59","guid":{"rendered":"http:\/\/comp.cua.ufmt.br\/muhna\/?page_id=2"},"modified":"2025-03-12T10:04:26","modified_gmt":"2025-03-12T13:04:26","slug":"apresentacao","status":"publish","type":"page","link":"https:\/\/muhna.cua.ufmt.br\/index.php\/apresentacao\/","title":{"rendered":"Apresenta\u00e7\u00e3o do MuHNA"},"content":{"rendered":"\t\t<div data-elementor-type=\"wp-post\" data-elementor-id=\"2\" class=\"elementor elementor-2\">\n\t\t\t\t\t\t<section class=\"elementor-section elementor-top-section elementor-element elementor-element-650ff07b elementor-section-boxed elementor-section-height-default elementor-section-height-default\" data-id=\"650ff07b\" data-element_type=\"section\" data-e-type=\"section\">\n\t\t\t\t\t\t<div class=\"elementor-container elementor-column-gap-default\">\n\t\t\t\t\t<div class=\"elementor-column elementor-col-100 elementor-top-column elementor-element elementor-element-596c879a\" data-id=\"596c879a\" data-element_type=\"column\" data-e-type=\"column\">\n\t\t\t<div class=\"elementor-widget-wrap elementor-element-populated\">\n\t\t\t\t\t\t<div class=\"elementor-element elementor-element-31697815 elementor-widget elementor-widget-text-editor\" data-id=\"31697815\" data-element_type=\"widget\" data-e-type=\"widget\" data-widget_type=\"text-editor.default\">\n\t\t\t\t<div class=\"elementor-widget-container\">\n\t\t\t\t\t\t\t\t\t<p><\/p>\n<h4 class=\"wp-block-heading\">Introdu\u00e7\u00e3o<\/h4>\n<p><\/p>\n<p><\/p>\n<p>O Museu de Hist\u00f3rio Natural do Araguaia \u2013 MuHNA \u00e9 uma iniciativa de um grupo de professores do Campus Universit\u00e1rio do Araguaia, da Universidade Federal de Mato Grosso, que buscam proporcionar um espa\u00e7o p\u00fablico para difus\u00e3o da ci\u00eancia, de uma maneira divertida e envolvente.<\/p>\n<p><\/p>\n<p><\/p>\n<p>Os museus de ci\u00eancias visam difundir os conceitos cient\u00edficos de maneira participativa, acess\u00edvel e divertida \u00e0 popula\u00e7\u00e3o em geral e, particularmente, a estudantes e professores do ensino formal, sendo uma relevante fonte de apoio para as atividades docentes desde o ensino fundamental at\u00e9 o ensino superior.<\/p>\n<p><\/p>\n<p><\/p>\n<blockquote class=\"wp-block-quote is-layout-flow wp-block-quote-is-layout-flow\">\n<p>A principal forma de comunica\u00e7\u00e3o em museus s\u00e3o as exposi\u00e7\u00f5es, ou seja, a parte que \u00e9 apresentada ao p\u00fablico visitante. Os museus de hist\u00f3ria natural produzem conhecimento e por meio das exposi\u00e7\u00f5es este \u00e9 transmitido para a sociedade, em uma linguagem menos t\u00e9cnica e mais acess\u00edvel.<\/p>\n<\/blockquote>\n<p><\/p>\n<p><\/p>\n<p>Atualmente a tecnologia vem sendo utilizada em novas \u00e1reas, incluindo a educa\u00e7\u00e3o, especialmente em ambientes n\u00e3o formais como os museus. No MuHNA voc\u00ea ir\u00e1 encontrar diversas atra\u00e7\u00f5es tecnol\u00f3gicas, entre elas cinema, sistemas com animais tridimensionais, jogos, entre outras.<\/p>\n<p><\/p>\n<p><\/p>\n<h4 class=\"wp-block-heading\">Hist\u00f3rico<\/h4>\n<div>\n<p>O Museu de Hist\u00f3ria Natural do Araguaia (MuHNA) foi idealizado pelos professores da Universidade Federal de Mato Grosso do campus universit\u00e1rio do Araguaia, Dra. M\u00e1rcia Cristina Pascotto, Dr. Silvio Cesar O. Colturato, ambos do curso de biologia, Dra. Luana dos Anjos Ramos do curso de biomedicina e o Dr. Ivairton Monteiro Santos do curso de ci\u00eancia da computa\u00e7\u00e3o.<\/p>\n<p>Sua inaugura\u00e7\u00e3o ocorreu no dia 05 de junho de 2018, e at\u00e9 dezembro de 2018 foram mais de 3 mil visitantes. Pessoas de 16 estados, 82 cidades e 3 pa\u00edses j\u00e1 passaram pelo museu. Escolas das tr\u00eas cidades, Barra do Gar\u00e7as \u2013 MT, Pontal do Araguaia \u2013 MT e Aragar\u00e7as \u2013 GO fizeram visitas educativas e s\u00f3 em 2019, j\u00e1 foram mais de 280 alunos.<\/p>\n<p>No decorrer de suas atividades o MuHNA j\u00e1 sediou a\u00e7\u00f5es como a Semana de Ci\u00eancia e Tecnologia, Oficina de fantoches, a Exposi\u00e7\u00e3o fotogr\u00e1fica Modos de ver e a interven\u00e7\u00e3o de uma estudante do curso de licenciatura em biologia.<\/p>\n<p>Atualmente o museu conta com acervos de paleontologia, geologia, invertebrados, artr\u00f3podes, peixes, anf\u00edbios e r\u00e9pteis, aves e mam\u00edferos. Al\u00e9m das pe\u00e7as expostas, o MuHNA proporciona atra\u00e7\u00f5es como o cinema 3D, onde s\u00e3o projetados diversos filmes, em uma TV de 60 polegadas, a sala dos sentidos, onde voc\u00ea utilizara\u0301 o tato e o olfato para identificar o que a ci\u00eancia e a natureza podem oferecer.<\/p>\n<p>Existem seis projetos de extens\u00e3o que comp\u00f5e as atividades do museu, sendo eles o \u201cAcervo de zoologia do MuHNA\u201d e \u201cVisitas ao MuHNA\u201d coordenados pela professora M\u00e1rcia Pascotto, \u201cOficina de pe\u00e7as anat\u00f4micas\u201d coordenado pela professora Luana Ramos, \u201cOficina de prepara\u00e7\u00e3o de f\u00f3sseis\u201d coordenado pelo professor Silvio Colturato, \u201cProjeto digital do MuHNA\u201d do professor Ivairton Santos e \u201cDivulga\u00e7\u00e3o Cient\u00edfica\u201d do professor Augusto Bozz.<\/p>\n<\/div>\n<p><\/p>\n<p><\/p>\n<h4><span style=\"color: #443f3f; font-family: Raleway, sans-serif; font-size: 25px; font-weight: 600;\">Miss\u00e3o, Vis\u00e3o e Valores<\/span><\/h4>\n<p><\/p>\n<p><\/p>\n<p><strong>Miss\u00e3o:<\/strong> Popularizar e divulgar o conhecimento de modo interativo para democratizar a ci\u00eancia na regi\u00e3o do Araguaia.<\/p>\n<p><strong>Vis\u00e3o:<\/strong> Ser uma institui\u00e7\u00e3o museol\u00f3gica de refer\u00eancia de acesso \u00e0 ci\u00eancia, por meio da interatividade, tecnologia e inclus\u00e3o social.<\/p>\n<p><strong>Valores:<\/strong><\/p>\n<ol>\n<li>Respeito \u00e0 diversidade;<\/li>\n<li>Cordialidade;<\/li>\n<li>Coopera\u00e7\u00e3o institucional;<\/li>\n<li>Acessibilidade universal;<\/li>\n<li>Universalidade do conhecimento;<\/li>\n<li>Excel\u00eancia;<\/li>\n<li>Sustentabilidade;<\/li>\n<li>Transpar\u00eancia<\/li>\n<\/ol>\n<h4>Regimento Interno do MuHNA<\/h4>\n<p>Para acesso ao Regimento Interno do MuHNA, basta <a href=\"https:\/\/muhna.cua.ufmt.br\/wp-content\/uploads\/2021\/06\/CONSUNI_UFMT_N__36_2021-REGIMENTO-MuHNA.pdf\" target=\"_blank\" rel=\"noopener\">clicar aqui&#8230;<\/a><\/p>\n<h4>Equipe do MuHNA<\/h4>\n<p><a style=\"background-color: #ffffff;\" href=\"https:\/\/muhna.cua.ufmt.br\/index.php\/equipe-do-muhna\/\" target=\"_blank\" rel=\"noopener\">Clique aqui<\/a>\u00a0para conhecer a equipe de profissionais do MuHNA.<\/p>\t\t\t\t\t\t\t\t<\/div>\n\t\t\t\t<\/div>\n\t\t\t\t\t<\/div>\n\t\t<\/div>\n\t\t\t\t\t<\/div>\n\t\t<\/section>\n\t\t\t\t<\/div>\n\t\t","protected":false},"excerpt":{"rendered":"<p>Introdu\u00e7\u00e3o O Museu de Hist\u00f3rio Natural do Araguaia \u2013 MuHNA \u00e9 uma iniciativa de um grupo de professores do Campus Universit\u00e1rio do [&hellip;]<\/p>\n","protected":false},"author":1,"featured_media":229,"parent":0,"menu_order":0,"comment_status":"closed","ping_status":"open","template":"","meta":{"_monsterinsights_skip_tracking":false,"_monsterinsights_sitenote_active":false,"_monsterinsights_sitenote_note":"","_monsterinsights_sitenote_category":0,"footnotes":""},"class_list":["post-2","page","type-page","status-publish","has-post-thumbnail","hentry"],"yoast_head":"<!-- This site is optimized with the Yoast SEO plugin v25.0 - https:\/\/yoast.com\/wordpress\/plugins\/seo\/ -->\n<title>Apresenta\u00e7\u00e3o do MuHNA - MuHNA<\/title>\n<meta name=\"robots\" content=\"index, follow, max-snippet:-1, max-image-preview:large, max-video-preview:-1\" \/>\n<link rel=\"canonical\" href=\"https:\/\/muhna.cua.ufmt.br\/index.php\/apresentacao\/\" \/>\n<meta property=\"og:locale\" content=\"pt_BR\" \/>\n<meta property=\"og:type\" content=\"article\" \/>\n<meta property=\"og:title\" content=\"Apresenta\u00e7\u00e3o do MuHNA - MuHNA\" \/>\n<meta property=\"og:description\" content=\"Introdu\u00e7\u00e3o O Museu de Hist\u00f3rio Natural do Araguaia \u2013 MuHNA \u00e9 uma iniciativa de um grupo de professores do Campus Universit\u00e1rio do [&hellip;]\" \/>\n<meta property=\"og:url\" content=\"https:\/\/muhna.cua.ufmt.br\/index.php\/apresentacao\/\" \/>\n<meta property=\"og:site_name\" content=\"MuHNA\" \/>\n<meta property=\"article:publisher\" content=\"https:\/\/www.facebook.com\/MuHNA.UFMT\/\" \/>\n<meta property=\"article:modified_time\" content=\"2025-03-12T13:04:26+00:00\" \/>\n<meta property=\"og:image\" content=\"https:\/\/muhna.cua.ufmt.br\/wp-content\/uploads\/2019\/08\/hall.jpg\" \/>\n\t<meta property=\"og:image:width\" content=\"4000\" \/>\n\t<meta property=\"og:image:height\" content=\"3000\" \/>\n\t<meta property=\"og:image:type\" content=\"image\/jpeg\" \/>\n<meta name=\"twitter:card\" content=\"summary_large_image\" \/>\n<meta name=\"twitter:label1\" content=\"Est. tempo de leitura\" \/>\n\t<meta name=\"twitter:data1\" content=\"3 minutos\" \/>\n<script type=\"application\/ld+json\" class=\"yoast-schema-graph\">{\"@context\":\"https:\/\/schema.org\",\"@graph\":[{\"@type\":\"WebPage\",\"@id\":\"https:\/\/muhna.cua.ufmt.br\/index.php\/apresentacao\/\",\"url\":\"https:\/\/muhna.cua.ufmt.br\/index.php\/apresentacao\/\",\"name\":\"Apresenta\u00e7\u00e3o do MuHNA - MuHNA\",\"isPartOf\":{\"@id\":\"https:\/\/muhna.cua.ufmt.br\/#website\"},\"primaryImageOfPage\":{\"@id\":\"https:\/\/muhna.cua.ufmt.br\/index.php\/apresentacao\/#primaryimage\"},\"image\":{\"@id\":\"https:\/\/muhna.cua.ufmt.br\/index.php\/apresentacao\/#primaryimage\"},\"thumbnailUrl\":\"https:\/\/muhna.cua.ufmt.br\/wp-content\/uploads\/2019\/08\/hall.jpg\",\"datePublished\":\"2019-08-20T09:26:59+00:00\",\"dateModified\":\"2025-03-12T13:04:26+00:00\",\"breadcrumb\":{\"@id\":\"https:\/\/muhna.cua.ufmt.br\/index.php\/apresentacao\/#breadcrumb\"},\"inLanguage\":\"pt-BR\",\"potentialAction\":[{\"@type\":\"ReadAction\",\"target\":[\"https:\/\/muhna.cua.ufmt.br\/index.php\/apresentacao\/\"]}]},{\"@type\":\"ImageObject\",\"inLanguage\":\"pt-BR\",\"@id\":\"https:\/\/muhna.cua.ufmt.br\/index.php\/apresentacao\/#primaryimage\",\"url\":\"https:\/\/muhna.cua.ufmt.br\/wp-content\/uploads\/2019\/08\/hall.jpg\",\"contentUrl\":\"https:\/\/muhna.cua.ufmt.br\/wp-content\/uploads\/2019\/08\/hall.jpg\",\"width\":4000,\"height\":3000},{\"@type\":\"BreadcrumbList\",\"@id\":\"https:\/\/muhna.cua.ufmt.br\/index.php\/apresentacao\/#breadcrumb\",\"itemListElement\":[{\"@type\":\"ListItem\",\"position\":1,\"name\":\"In\u00edcio\",\"item\":\"https:\/\/muhna.cua.ufmt.br\/\"},{\"@type\":\"ListItem\",\"position\":2,\"name\":\"Apresenta\u00e7\u00e3o do MuHNA\"}]},{\"@type\":\"WebSite\",\"@id\":\"https:\/\/muhna.cua.ufmt.br\/#website\",\"url\":\"https:\/\/muhna.cua.ufmt.br\/\",\"name\":\"MuHNA\",\"description\":\"Museu de Hist\u00f3ria Natural do Araguaia\",\"publisher\":{\"@id\":\"https:\/\/muhna.cua.ufmt.br\/#organization\"},\"potentialAction\":[{\"@type\":\"SearchAction\",\"target\":{\"@type\":\"EntryPoint\",\"urlTemplate\":\"https:\/\/muhna.cua.ufmt.br\/?s={search_term_string}\"},\"query-input\":{\"@type\":\"PropertyValueSpecification\",\"valueRequired\":true,\"valueName\":\"search_term_string\"}}],\"inLanguage\":\"pt-BR\"},{\"@type\":\"Organization\",\"@id\":\"https:\/\/muhna.cua.ufmt.br\/#organization\",\"name\":\"Museu de Hist\u00f3ria Natural do Araguaia - MuHNA\",\"url\":\"https:\/\/muhna.cua.ufmt.br\/\",\"logo\":{\"@type\":\"ImageObject\",\"inLanguage\":\"pt-BR\",\"@id\":\"https:\/\/muhna.cua.ufmt.br\/#\/schema\/logo\/image\/\",\"url\":\"http:\/\/muhna.cua.ufmt.br\/wp-content\/uploads\/2019\/08\/logo.png\",\"contentUrl\":\"http:\/\/muhna.cua.ufmt.br\/wp-content\/uploads\/2019\/08\/logo.png\",\"width\":424,\"height\":87,\"caption\":\"Museu de Hist\u00f3ria Natural do Araguaia - MuHNA\"},\"image\":{\"@id\":\"https:\/\/muhna.cua.ufmt.br\/#\/schema\/logo\/image\/\"},\"sameAs\":[\"https:\/\/www.facebook.com\/MuHNA.UFMT\/\",\"https:\/\/www.instagram.com\/muhna.ufmt\/\",\"https:\/\/www.youtube.com\/playlist?list=PLiOtZ8JoUebVQKPG7W7I2272_OZzbYTy_\"]}]}<\/script>\n<!-- \/ Yoast SEO plugin. -->","yoast_head_json":{"title":"Apresenta\u00e7\u00e3o do MuHNA - MuHNA","robots":{"index":"index","follow":"follow","max-snippet":"max-snippet:-1","max-image-preview":"max-image-preview:large","max-video-preview":"max-video-preview:-1"},"canonical":"https:\/\/muhna.cua.ufmt.br\/index.php\/apresentacao\/","og_locale":"pt_BR","og_type":"article","og_title":"Apresenta\u00e7\u00e3o do MuHNA - MuHNA","og_description":"Introdu\u00e7\u00e3o O Museu de Hist\u00f3rio Natural do Araguaia \u2013 MuHNA \u00e9 uma iniciativa de um grupo de professores do Campus Universit\u00e1rio do [&hellip;]","og_url":"https:\/\/muhna.cua.ufmt.br\/index.php\/apresentacao\/","og_site_name":"MuHNA","article_publisher":"https:\/\/www.facebook.com\/MuHNA.UFMT\/","article_modified_time":"2025-03-12T13:04:26+00:00","og_image":[{"width":4000,"height":3000,"url":"https:\/\/muhna.cua.ufmt.br\/wp-content\/uploads\/2019\/08\/hall.jpg","type":"image\/jpeg"}],"twitter_card":"summary_large_image","twitter_misc":{"Est. tempo de leitura":"3 minutos"},"schema":{"@context":"https:\/\/schema.org","@graph":[{"@type":"WebPage","@id":"https:\/\/muhna.cua.ufmt.br\/index.php\/apresentacao\/","url":"https:\/\/muhna.cua.ufmt.br\/index.php\/apresentacao\/","name":"Apresenta\u00e7\u00e3o do MuHNA - MuHNA","isPartOf":{"@id":"https:\/\/muhna.cua.ufmt.br\/#website"},"primaryImageOfPage":{"@id":"https:\/\/muhna.cua.ufmt.br\/index.php\/apresentacao\/#primaryimage"},"image":{"@id":"https:\/\/muhna.cua.ufmt.br\/index.php\/apresentacao\/#primaryimage"},"thumbnailUrl":"https:\/\/muhna.cua.ufmt.br\/wp-content\/uploads\/2019\/08\/hall.jpg","datePublished":"2019-08-20T09:26:59+00:00","dateModified":"2025-03-12T13:04:26+00:00","breadcrumb":{"@id":"https:\/\/muhna.cua.ufmt.br\/index.php\/apresentacao\/#breadcrumb"},"inLanguage":"pt-BR","potentialAction":[{"@type":"ReadAction","target":["https:\/\/muhna.cua.ufmt.br\/index.php\/apresentacao\/"]}]},{"@type":"ImageObject","inLanguage":"pt-BR","@id":"https:\/\/muhna.cua.ufmt.br\/index.php\/apresentacao\/#primaryimage","url":"https:\/\/muhna.cua.ufmt.br\/wp-content\/uploads\/2019\/08\/hall.jpg","contentUrl":"https:\/\/muhna.cua.ufmt.br\/wp-content\/uploads\/2019\/08\/hall.jpg","width":4000,"height":3000},{"@type":"BreadcrumbList","@id":"https:\/\/muhna.cua.ufmt.br\/index.php\/apresentacao\/#breadcrumb","itemListElement":[{"@type":"ListItem","position":1,"name":"In\u00edcio","item":"https:\/\/muhna.cua.ufmt.br\/"},{"@type":"ListItem","position":2,"name":"Apresenta\u00e7\u00e3o do MuHNA"}]},{"@type":"WebSite","@id":"https:\/\/muhna.cua.ufmt.br\/#website","url":"https:\/\/muhna.cua.ufmt.br\/","name":"MuHNA","description":"Museu de Hist\u00f3ria Natural do Araguaia","publisher":{"@id":"https:\/\/muhna.cua.ufmt.br\/#organization"},"potentialAction":[{"@type":"SearchAction","target":{"@type":"EntryPoint","urlTemplate":"https:\/\/muhna.cua.ufmt.br\/?s={search_term_string}"},"query-input":{"@type":"PropertyValueSpecification","valueRequired":true,"valueName":"search_term_string"}}],"inLanguage":"pt-BR"},{"@type":"Organization","@id":"https:\/\/muhna.cua.ufmt.br\/#organization","name":"Museu de Hist\u00f3ria Natural do Araguaia - MuHNA","url":"https:\/\/muhna.cua.ufmt.br\/","logo":{"@type":"ImageObject","inLanguage":"pt-BR","@id":"https:\/\/muhna.cua.ufmt.br\/#\/schema\/logo\/image\/","url":"http:\/\/muhna.cua.ufmt.br\/wp-content\/uploads\/2019\/08\/logo.png","contentUrl":"http:\/\/muhna.cua.ufmt.br\/wp-content\/uploads\/2019\/08\/logo.png","width":424,"height":87,"caption":"Museu de Hist\u00f3ria Natural do Araguaia - MuHNA"},"image":{"@id":"https:\/\/muhna.cua.ufmt.br\/#\/schema\/logo\/image\/"},"sameAs":["https:\/\/www.facebook.com\/MuHNA.UFMT\/","https:\/\/www.instagram.com\/muhna.ufmt\/","https:\/\/www.youtube.com\/playlist?list=PLiOtZ8JoUebVQKPG7W7I2272_OZzbYTy_"]}]}},"_links":{"self":[{"href":"https:\/\/muhna.cua.ufmt.br\/index.php\/wp-json\/wp\/v2\/pages\/2","targetHints":{"allow":["GET"]}}],"collection":[{"href":"https:\/\/muhna.cua.ufmt.br\/index.php\/wp-json\/wp\/v2\/pages"}],"about":[{"href":"https:\/\/muhna.cua.ufmt.br\/index.php\/wp-json\/wp\/v2\/types\/page"}],"author":[{"embeddable":true,"href":"https:\/\/muhna.cua.ufmt.br\/index.php\/wp-json\/wp\/v2\/users\/1"}],"replies":[{"embeddable":true,"href":"https:\/\/muhna.cua.ufmt.br\/index.php\/wp-json\/wp\/v2\/comments?post=2"}],"version-history":[{"count":18,"href":"https:\/\/muhna.cua.ufmt.br\/index.php\/wp-json\/wp\/v2\/pages\/2\/revisions"}],"predecessor-version":[{"id":705,"href":"https:\/\/muhna.cua.ufmt.br\/index.php\/wp-json\/wp\/v2\/pages\/2\/revisions\/705"}],"wp:featuredmedia":[{"embeddable":true,"href":"https:\/\/muhna.cua.ufmt.br\/index.php\/wp-json\/wp\/v2\/media\/229"}],"wp:attachment":[{"href":"https:\/\/muhna.cua.ufmt.br\/index.php\/wp-json\/wp\/v2\/media?parent=2"}],"curies":[{"name":"wp","href":"https:\/\/api.w.org\/{rel}","templated":true}]}}